{"id":44,"date":"2023-12-29T09:54:48","date_gmt":"2023-12-29T08:54:48","guid":{"rendered":"http:\/\/192.168.178.88:8181\/?page_id=44"},"modified":"2024-12-11T09:41:42","modified_gmt":"2024-12-11T08:41:42","slug":"was-findet-man-hier","status":"publish","type":"page","link":"https:\/\/meinung.nanninga.me\/","title":{"rendered":"Warum dieser Blog? Aufruf zum Mitmachen"},"content":{"rendered":"<p>Geht es Euch auch so wir mir?<\/p>\n<p>Ihr seht eine Talkshow oder die Tagesschau und ihr k\u00f6nntet platzen, weil Ihr selbst es anders seht, aber keine M\u00f6glichkeit und keinen Ort habt, Euch zu artikulieren?<\/p>\n<p>Ihr lest die ostfriesischen Gazetten und findet nur allgmeines Bla Bla. Kaum Berichterstattung \u00fcber lokale Ereignisse, keinen Raum f\u00fcr die fr\u00fcher \u00fcblichen Berichte von Festen, Versammlungen oder sonstigen Ereignissen in den Vereinen?<\/p>\n<p>Wenn ich heute Zeitung lese, oder Nachrichten h\u00f6re oder in den sozialen Medien unterwegs bin f\u00e4llt mir oft sooooo vieles ein, was ich dazu sagen m\u00f6chte. Es gibt so vieles was dort NICHT gesagt wird. Aber wo kann ich das loswerden?<\/p>\n<p>Etwas ausf\u00fchrlicher:<\/p>\n<p>1. Zeitungen<\/p>\n<p><img loading=\"lazy\" decoding=\"async\" class=\"alignnone wp-image-89 size-medium\" src=\"http:\/\/192.168.178.133:8181\/wp-content\/uploads\/2024\/01\/news-1591767_640-300x200.jpg\" alt=\"\" width=\"300\" height=\"200\" srcset=\"https:\/\/meinung.nanninga.me\/wp-content\/uploads\/2024\/01\/news-1591767_640-300x200.jpg 300w, https:\/\/meinung.nanninga.me\/wp-content\/uploads\/2024\/01\/news-1591767_640.jpg 640w\" sizes=\"auto, (max-width: 300px) 100vw, 300px\" \/><\/p>\n<p>Die 2 gro\u00dfen Tageszeitungen in Ostfriesland sind zu einem Einheitsbrei geworden. Alles zentral aus Oldenburg oder Osnabr\u00fcck gesteuert (der sogenannte Mantel). Lokale Berichterstattung nur noch auf ganz wenigen Seiten und dann auch noch oft mit allgemeinen Themen vermischt. Es wird nur noch in 1-2 S\u00e4tzen ein lokaler Bezug hergestellt und dann kann man z.B. herrlich \u00fcber alles M\u00f6gliche fabulieren, bzw bei dpa und Co. abschreiben.<\/p>\n<p>Wo sind die Berichte \u00fcber Vereinsfeiern, Jubil\u00e4en etc geblieben? Wo bleiben Diskussionen \u00fcber lokale Ereignisse? Aus Platzmangel muss man sich auf einige wenige Events beschr\u00e4nken.<\/p>\n<p>Beispiel OZ: Fr\u00fcher hatte meine E-Paper Ausgabe 32 Seiten, davon mindestens 4 mit Berichten aus Emden und Umgebung. Dazu bekam ich noch die Ausgaben f\u00fcr Aurich, Leer und Wittmund &#8211; auch mit jeweils 4 lokalen Seiten. Das waren 16 Seiten Lokalberichterstattung. Die Lokalausgaben wurden eingestellt und der Umfang auf 28 Seiten reduziert, davon auch noch einige ganzseitige Werbeanzeigen.\u00a0 Gleichzeitig wurden die Preise erh\u00f6ht. Auf der Strecke blieb ganz gewollt die Lokalberichterstattung.<\/p>\n<p>Aber auch diese ist oft grenzwertig. Lokales Thema ist z.B. wenn ein ehemaliger Emder (der schon lange hier nicht mehr wohnt) irgendwo in Erscheinung getreten ist. So f\u00fcllt man oft die Seiten mit allgemeinen Themen (die oft auch noch bei dpa und Co abgeschrieben sind) und stellt mit einem Satz einen lokalen Bezug her. Fertig ist der Lokalteil.<\/p>\n<p>Die &#8222;Emder Zeitung&#8220; (besser wohl die Oldenburger Zeitung) ist auch nicht besser. Auch dort bezieht man die Artikel (oft in beiden Zeitungen wortgleich) von au\u00dferhalb. Und dann in beiden Gazetten die Kommentare: Wie in vielen Zeitungen in Deutschland dominieren die Gr\u00fcn-Linken Journalisten, die auch ungeniert Partei-Ideologien verbreiten.<\/p>\n<p>2. Facebook und Co.<\/p>\n<p><img loading=\"lazy\" decoding=\"async\" class=\"alignnone wp-image-91 size-medium\" src=\"http:\/\/192.168.178.133:8181\/wp-content\/uploads\/2024\/01\/social-media-3129481_640-300x200.jpg\" alt=\"\" width=\"300\" height=\"200\" srcset=\"https:\/\/meinung.nanninga.me\/wp-content\/uploads\/2024\/01\/social-media-3129481_640-300x200.jpg 300w, https:\/\/meinung.nanninga.me\/wp-content\/uploads\/2024\/01\/social-media-3129481_640.jpg 640w\" sizes=\"auto, (max-width: 300px) 100vw, 300px\" \/><\/p>\n<p>Klar &#8211; Facebook und Co. gibt es nat\u00fcrlich Gruppen, in denen rein sachlich \u00fcber bestimmte Dinge berichtet wird. Wenn die Feuerwehren ihre Einsatzberichte dort einstellen, oder wenn ein Verein \u00fcber eine Feier oder einen Wettbewerb berichtet. Finde ich gut und toll. Ist aber meist nur auf wenige Personen beschr\u00e4nkt.<\/p>\n<p>Und in wie vielen Gruppen muss ich dann sein? Allein zur Krummh\u00f6rn\/Pewsum finden sich diverse Gruppen, in denen man einige H\u00e4ppchen an Informationen findet. Und nach wenigen Tagen ist die Information im Nirvana der Gruppen verschwunden und wird von aktuelleren Diskussionen verdr\u00e4ngt.<\/p>\n<p>Die sozialen Medien dienen heute als Ersatz f\u00fcr den Stammtisch (die es ja kaum noch gibt). Fast jede Diskussion artet jedoch aus. Es werden alle m\u00f6glichen Themen vermischt; man wird pers\u00f6nlich, unsachlich und es kommt zu Beschimpfungen aller die anderer Meinung sind. F\u00fcr mich kein Podium. Und wie gesagt nach ein paar Tagen wieder in der Masse untergegangen. Wirkung, Nachhaltigkeit gleich NULL.<\/p>\n<p>Vor allem st\u00f6\u00dft mich jedoch der Umgang miteinander ab. Wenn man Frau Lang von den Gr\u00fcnen kritisiert, weil Sie sich erdreistet mir Ern\u00e4hrungvorschriften zu machen &#8211; OK. Aber eine Abbildung eines Betonmischers mit der Kommentar &#8222;Ricardas Thermomix&#8220; geht einfach zu weit.<\/p>\n<p>Fazit:<\/p>\n<p><img loading=\"lazy\" decoding=\"async\" class=\"alignnone wp-image-88 size-medium\" src=\"http:\/\/192.168.178.133:8181\/wp-content\/uploads\/2024\/01\/association-152746_640-300x300.png\" alt=\"\" width=\"300\" height=\"300\" srcset=\"https:\/\/meinung.nanninga.me\/wp-content\/uploads\/2024\/01\/association-152746_640-300x300.png 300w, https:\/\/meinung.nanninga.me\/wp-content\/uploads\/2024\/01\/association-152746_640-150x150.png 150w, https:\/\/meinung.nanninga.me\/wp-content\/uploads\/2024\/01\/association-152746_640.png 640w\" sizes=\"auto, (max-width: 300px) 100vw, 300px\" \/><\/p>\n<p>Mir fehlt einfach eine Plattform wo ich<\/p>\n<ul>\n<li>Meine Meinung ausf\u00fchrlich und sachlich darstellen kann.<\/li>\n<li>Wo auch andersdenkende zu Wort kommen.<\/li>\n<\/ul>\n<p>Ich m\u00f6chte nicht auf der Stra\u00dfe demonstrieren oder mich festkleben. Aber ich m\u00f6chte meine Meinung auch irgendwo lesen. Ja und manchmal m\u00f6chte ich auch Dampf ablassen.<\/p>\n<p>Gleichzeitig fehlt mir eine lokale Plattform f\u00fcr<\/p>\n<ul>\n<li>Vereine<\/li>\n<li>Gruppen (ohne feste Organisationsform)<\/li>\n<\/ul>\n<p>um unsere Anliegen zu kommunizieren und auch um neue Mitglieder zu werben.<\/p>\n<p><img loading=\"lazy\" decoding=\"async\" class=\"alignnone wp-image-90 size-medium\" src=\"http:\/\/192.168.178.133:8181\/wp-content\/uploads\/2024\/01\/photo-album-584709_640-300x300.png\" alt=\"\" width=\"300\" height=\"300\" srcset=\"https:\/\/meinung.nanninga.me\/wp-content\/uploads\/2024\/01\/photo-album-584709_640-300x300.png 300w, https:\/\/meinung.nanninga.me\/wp-content\/uploads\/2024\/01\/photo-album-584709_640-150x150.png 150w, https:\/\/meinung.nanninga.me\/wp-content\/uploads\/2024\/01\/photo-album-584709_640.png 640w\" sizes=\"auto, (max-width: 300px) 100vw, 300px\" \/><\/p>\n<p><span style=\"color: #0000ff; font-family: helvetica, arial, sans-serif; font-size: 14pt;\">Wie w\u00e4re es, wenn wir uns eine Plattform schaffen, auf der wir unsere Meinung \u00e4u\u00dfern? Alle Beitr\u00e4ge gut durchdacht und vern\u00fcnftig (d.h. ohne Beschimpfungen und Beleidigungen) formuliert? Durchaus deutlich und klare Kante &#8211; jedoch in Anerkennung der Tatsache, das auch &#8222;die anderen&#8220; ja auch ein Recht auf eine Meinung haben?<\/span><\/p>\n<p><span style=\"color: #0000ff; font-family: helvetica, arial, sans-serif; font-size: 14pt;\">Mir schwebt ein Blog mit vern\u00fcnftiger Sortierung vor. Beitr\u00e4ge werden bei einigen (wenigen) Moderatoren eingereicht und von denen ver\u00f6ffentlicht. Dabei wird der Beitrag nach den obigen Kriterien zensiert &#8211; und im Zweifel um eine Neuformulierung gebeten.<\/span><\/p>\n<p><span style=\"color: #0000ff; font-family: helvetica, arial, sans-serif; font-size: 14pt;\">Gleichzeitig kann man ein lokales Forum bieten, in der Gruppen, Parteien (ja! Auch Parteien) ihre Meinung, ihre Sichtweise der Dinge ver\u00f6ffentlichen &#8211; und zwar im Original und nicht durch irgendwelche Pressevertreter interpretiert. Oder man &#8222;inseriert&#8220; kommende Ereignisse!<br \/>\n<\/span><\/p>\n<p><span style=\"color: #0000ff; font-family: helvetica, arial, sans-serif; font-size: 14pt;\">Artikel werden mit einem Verfallsdatum versehen und k\u00f6nnen auch &#8211; wenn sie nicht mehr relevant sind (z.B. nach dem Ende einer Veranstaltung) gel\u00f6scht, bzw. in ein Archiv verschoben werden. Auf diese Weise bleibt der Blog aktuell und \u00fcbersichtlich.<\/span><\/p>\n<p><span style=\"color: #ff0000; font-family: helvetica, arial, sans-serif; font-size: 18pt;\">Wer h\u00e4tte Lust bei so etwas mitzumachen? Im Impressum findet Ihr meine pers\u00f6nlichen Daten und die Kontaktadresse. Bei Interesse meldet Euch und wir finden heraus, ob wir gemeinsam etwas starten k\u00f6nnen.<\/span><\/p>\n<p>Ich habe das Grundger\u00fcst dieser Seite schon einmal entworfen und zu jeden Thema mindestens einen Artikel geschrieben. So stelle ich mir in etwas das fertige Produkt vor. Aber Ihr habt evtl. bessere Ideen? Nichts ist in Stein gegossen! Aber meine Erfahrung sagt: Einer muss erst mal den Anfang machen!<\/p>\n<p>Nun bin ich auf Eure Reaktionen gespannt!<\/p>\n<p>&nbsp;<\/p>\n<p>&nbsp;<\/p>\n<p>&nbsp;<\/p>\n<p>&nbsp;<\/p>\n","protected":false},"excerpt":{"rendered":"<p>Geht es Euch auch so wir mir? Ihr seht eine Talkshow oder die Tagesschau und ihr k\u00f6nntet platzen, weil Ihr selbst es anders seht, aber keine M\u00f6glichkeit und keinen Ort habt, Euch zu artikulieren? Ihr lest die ostfriesischen Gazetten und <span class=\"excerpt-dots\">&hellip;<\/span> <a class=\"more-link\" href=\"https:\/\/meinung.nanninga.me\/\"><span class=\"more-msg\">Weiterlesen &rarr;<\/span><\/a><\/p>\n","protected":false},"author":1,"featured_media":0,"parent":0,"menu_order":0,"comment_status":"closed","ping_status":"closed","template":"","meta":{"_bbp_topic_count":0,"_bbp_reply_count":0,"_bbp_total_topic_count":0,"_bbp_total_reply_count":0,"_bbp_voice_count":0,"_bbp_anonymous_reply_count":0,"_bbp_topic_count_hidden":0,"_bbp_reply_count_hidden":0,"_bbp_forum_subforum_count":0,"footnotes":""},"class_list":["post-44","page","type-page","status-publish","hentry"],"_links":{"self":[{"href":"https:\/\/meinung.nanninga.me\/index.php\/wp-json\/wp\/v2\/pages\/44","targetHints":{"allow":["GET"]}}],"collection":[{"href":"https:\/\/meinung.nanninga.me\/index.php\/wp-json\/wp\/v2\/pages"}],"about":[{"href":"https:\/\/meinung.nanninga.me\/index.php\/wp-json\/wp\/v2\/types\/page"}],"author":[{"embeddable":true,"href":"https:\/\/meinung.nanninga.me\/index.php\/wp-json\/wp\/v2\/users\/1"}],"replies":[{"embeddable":true,"href":"https:\/\/meinung.nanninga.me\/index.php\/wp-json\/wp\/v2\/comments?post=44"}],"version-history":[{"count":7,"href":"https:\/\/meinung.nanninga.me\/index.php\/wp-json\/wp\/v2\/pages\/44\/revisions"}],"predecessor-version":[{"id":142,"href":"https:\/\/meinung.nanninga.me\/index.php\/wp-json\/wp\/v2\/pages\/44\/revisions\/142"}],"wp:attachment":[{"href":"https:\/\/meinung.nanninga.me\/index.php\/wp-json\/wp\/v2\/media?parent=44"}],"curies":[{"name":"wp","href":"https:\/\/api.w.org\/{rel}","templated":true}]}}